{"id":2816,"date":"2020-03-11T18:15:34","date_gmt":"2020-03-11T15:15:34","guid":{"rendered":"https:\/\/nhtacademy.com\/?page_id=2816"},"modified":"2020-03-12T15:36:14","modified_gmt":"2020-03-12T12:36:14","slug":"programas","status":"publish","type":"page","link":"https:\/\/nhtacademy.com\/es\/programas\/","title":{"rendered":"Programas"},"content":{"rendered":"<section class=\"wpb-content-wrapper\"><p>[vc_row tm_bgimagefixed=\u00bb\u00bb css=\u00bb.vc_custom_1581944962477{margin-bottom: -105px !important;}\u00bb][vc_column][vc_column_text]<\/p>\n<h3 style=\"text-align: center; font-size: 18px;\">The training programs are set and devised depending on your own specialization and expectations as well.<\/h3>\n<p>[\/vc_column_text][\/vc_column][\/vc_row][vc_row][vc_column width=\u00bb1\/2&#8243;][vc_column_text]Para ser m\u00e1s espec\u00edfico:<\/p>\n<p>El plan de 4 d\u00edas es para especialistas en trasplante de capilar y m\u00e9dicos que desean actualizar sus conocimientos y poder ver c\u00f3mo se realiza el trasplante aqu\u00ed en Turqu\u00eda, ya que es conocido por ser el primer pa\u00eds l\u00edder en este campo.<\/p>\n<p>El plan de 7 d\u00edas es para t\u00e9cnicos de trasplante capilar y enfermeras o incluso m\u00e9dicos con el objetivo de conocer m\u00e1s sobre las t\u00e9cnicas o aprender una nueva t\u00e9cnica, FUE o DHI, por ejemplo.<\/p>\n<p>El plan de 10 d\u00edas es b\u00e1sicamente para dermat\u00f3logos \/ m\u00e9dicos \/ cirujanos y cada candidato con antecedentes m\u00e9dicos que tengan como objetivo comenzar el trasplante de cabello como una carrera profesional y aprender a realizar una operaci\u00f3n completa por s\u00ed mismos con un grupo de especialistas o bajo la encuesta de otro especialista \/ o con el objetivo de encuestar a su personal m\u00e9dico mientras se realiza.<\/p>\n<p>El plan de 14 d\u00edas es para m\u00e9dicos \/ cirujanos \/ t\u00e9cnicos \/ enfermeras y cualquier candidato con antecedentes m\u00e9dicos que quiera aprender todo sobre el trasplante de cabello y con el objetivo de tomarlo como una carrera profesional.<\/p>\n<p>El horario est\u00e1 cambiando de un d\u00eda a otro, generalmente el 95% del programa son pacientes reales, \u00a1PR\u00c1CTICA SOLO! y como estamos recibiendo alrededor de 20 pacientes por d\u00eda, podr\u00e1 ver y practicar en muchos casos diferentes e incluso en aquellos dif\u00edciles para los que necesitamos una segunda sesi\u00f3n y diferentes t\u00e9cnicas, extracciones de barba \/ trasplante \/ extracci\u00f3n de barba del t\u00f3rax, etc.<\/p>\n<p>[\/vc_column_text][\/vc_column][vc_column width=\u00bb1\/2&#8243;][vc_single_image image=\u00bb2721&#8243; img_size=\u00bbfull\u00bb][\/vc_column][\/vc_row][vc_row tm_bgimagefixed=\u00bb\u00bb full_width=\u00bbstretch_row\u00bb css=\u00bb.vc_custom_1581944739973{background-color: #0c0c0c !important;}\u00bb][vc_column][vc_column_text]<\/p>\n<h3 style=\"text-align: center; font-size: 18px;\"><span style=\"color: #ffffff;\">The training is based on learning by doing, which means, you will waste no time on lectures, only one course will be provided about\u00a0hair\u00a0anatomy and presented by our doctors.<\/span><\/h3>\n<p>[\/vc_column_text][\/vc_column][\/vc_row][vc_row tm_bgimagefixed=\u00bb\u00bb full_width=\u00bbstretch_row\u00bb css=\u00bb.vc_custom_1581944776926{background-color: #f3f3f3 !important;}\u00bb][vc_column width=\u00bb1\/2&#8243;][vc_single_image image=\u00bb2720&#8243; img_size=\u00bbfull\u00bb][\/vc_column][vc_column width=\u00bb1\/2&#8243;][vc_column_text]<\/p>\n<h2>Sobre los planes<\/h2>\n<p>El plan de 4 d\u00edas es b\u00e1sicamente para especialistas en trasplante de cabello que buscan actualizar sus conocimientos o aprender una nueva t\u00e9cnica, tambi\u00e9n para personas con un plan de negocios, que es iniciar una cl\u00ednica y que quieran aprender para controlar a sus futuros m\u00e9dicos y especialistas.<\/p>\n<p>El plan de 7 d\u00edas es para m\u00e9dicos \/ cirujanos \/ t\u00e9cnicos y enfermeras que desean un aprendizaje b\u00e1sico del trasplante de cabello y trabajar\u00e1n con un especialista o un m\u00e9dico.<\/p>\n<p>El plan de 10 d\u00edas es para m\u00e9dicos \/ cirujanos \/ t\u00e9cnicos y enfermeras que tienen como objetivo aprender todo sobre el trasplante capilar y comenzar a practicar eventualmente y llegar a hacer diferencias entre los tipos de cabello y las t\u00e9cnicas a utilizar.<\/p>\n<p>El plan de 14 d\u00edas es para m\u00e9dicos \/ cirujanos \/ t\u00e9cnicos y enfermeras que tienen como objetivo aprender todo sobre el trasplante de cabello y comenzar a practicar eventualmente y llegar a hacer diferencias entre los tipos de cabello y las t\u00e9cnicas a utilizar.[\/vc_column_text][\/vc_column][\/vc_row][vc_row tm_bgimagefixed=\u00bb\u00bb css=\u00bb.vc_custom_1581947512439{margin-bottom: -120px !important;}\u00bb][vc_column width=\u00bb1\/2&#8243;][vc_column_text]<\/p>\n<h2>Sobre los horarios<\/h2>\n<p>1er d\u00eda: Comenzando con una consulta preoperatoria, una conferencia sobre anatom\u00eda capilar explicada por nuestros m\u00e9dicos, extracciones.<\/p>\n<p>2do d\u00eda: Preoperatorio, consulta, extracci\u00f3n.<\/p>\n<p>3er d\u00eda \/ 4to d\u00eda: Preoperatorio \/ consulta \/ extracci\u00f3n \/ apertura de canales.<br \/>\n(para todos los planes)<\/p>\n<p>5to \/ 6to \/ 7mo d\u00edas: Consulta, extracci\u00f3n, apertura de canales, implantaci\u00f3n.<\/p>\n<p>Del 7\u00ba al 14\u00ba d\u00eda: atenci\u00f3n preoperatoria, consulta, extracci\u00f3n, apertura de canales, implantaci\u00f3n, lavado, atenci\u00f3n postoperatoria.[\/vc_column_text][\/vc_column][vc_column width=\u00bb1\/2&#8243;][vc_single_image image=\u00bb2717&#8243; img_size=\u00bbfull\u00bb style=\u00bbvc_box_shadow_border\u00bb][\/vc_column][\/vc_row][vc_row tm_bgimagefixed=\u00bb\u00bb full_width=\u00bbstretch_row\u00bb css=\u00bb.vc_custom_1582021642912{margin-top: 60px !important;background-color: #ececc4 !important;}\u00bb][vc_column offset=\u00bbvc_hidden-xs\u00bb][vc_column_text]<\/p>\n<h2 style=\"text-align: center;\">Educational Content<\/h2>\n<p>[\/vc_column_text][vc_tta_tour style=\u00bbflat\u00bb color=\u00bbmulled-wine\u00bb controls_size=\u00bbmd\u00bb][vc_tta_section title=\u00bb1er d\u00eda\u00bb tab_id=\u00bb1582015277718-b69e9298-8cfbbfcb-dbb8&#8243;][vc_row_inner][vc_column_inner width=\u00bb1\/2&#8243;][vc_single_image image=\u00bb2729&#8243; img_size=\u00bbfull\u00bb][\/vc_column_inner][vc_column_inner tm_textcolor=\u00bbwhite\u00bb tm_zindex=\u00bb2&#8243; width=\u00bb1\/2&#8243; css=\u00bb.vc_custom_1582020986560{margin-top: 20px !important;margin-left: -60px !important;background-color: #0880a1 !important;}\u00bb][vc_column_text]<\/p>\n<p>Ciencia b\u00e1sica, conferencia sobre anatom\u00eda del cabello,<br \/>\nHistoria del trasplante de cabello,<br \/>\nTipos de p\u00e9rdida de cabello,<br \/>\nCuidado preoperatorio,<br \/>\nConsulta,<br \/>\nDise\u00f1o de rayita personalizado,<br \/>\nExtracci\u00f3n de cabello,<br \/>\nComplicaciones en el trasplante capilar.<\/p>\n<p>[\/vc_column_text][\/vc_column_inner][\/vc_row_inner][\/vc_tta_section][vc_tta_section title=\u00bb2 \u00ba d\u00eda\u00bb tab_id=\u00bb1582015277739-7386f3bb-23fdbfcb-dbb8&#8243;][vc_row_inner][vc_column_inner width=\u00bb1\/2&#8243;][vc_single_image image=\u00bb2730&#8243; img_size=\u00bbfull\u00bb][\/vc_column_inner][vc_column_inner tm_textcolor=\u00bbwhite\u00bb tm_zindex=\u00bb2&#8243; width=\u00bb1\/2&#8243; css=\u00bb.vc_custom_1582021014076{margin-top: 65px !important;margin-left: -60px !important;background-color: #0880a1 !important;}\u00bb][vc_column_text]Etapa preoperacional,<br \/>\nConsulta,<br \/>\nExtracci\u00f3n de cabello,<br \/>\nTrasplante de vello corporal.[\/vc_column_text][\/vc_column_inner][\/vc_row_inner][\/vc_tta_section][vc_tta_section title=\u00bb3er y 4to d\u00edas\u00bb tab_id=\u00bb1582018869172-d2cf5c6d-b5b5bfcb-dbb8&#8243;][vc_row_inner][vc_column_inner width=\u00bb1\/2&#8243;][vc_single_image image=\u00bb2731&#8243; img_size=\u00bbfull\u00bb][\/vc_column_inner][vc_column_inner tm_textcolor=\u00bbwhite\u00bb tm_zindex=\u00bb2&#8243; width=\u00bb1\/2&#8243; css=\u00bb.vc_custom_1582020958776{margin-top: 60px !important;margin-left: -60px !important;background-color: #0880a1 !important;}\u00bb][vc_column_text]Cuidado preoperatorio,<br \/>\nConsulta,<br \/>\nExtracci\u00f3n de cabello y corte de injerto,<br \/>\nApertura del canal,<br \/>\nPreparaci\u00f3n del sitio del destinatario.[\/vc_column_text][\/vc_column_inner][\/vc_row_inner][\/vc_tta_section][vc_tta_section title=\u00bb5to y 6to y 7mo d\u00edas\u00bb tab_id=\u00bb1582018924093-655cd6d1-5912bfcb-dbb8&#8243;][vc_row_inner][vc_column_inner width=\u00bb1\/2&#8243;][vc_single_image image=\u00bb2732&#8243; img_size=\u00bbfull\u00bb][\/vc_column_inner][vc_column_inner tm_textcolor=\u00bbwhite\u00bb tm_zindex=\u00bb2&#8243; width=\u00bb1\/2&#8243; css=\u00bb.vc_custom_1582020963901{margin-top: 60px !important;margin-left: -60px !important;background-color: #0880a1 !important;}\u00bb][vc_column_text]Consulta,<br \/>\nPlanificaci\u00f3n,<br \/>\nDonaci\u00f3n de cosecha y extracci\u00f3n de cabello,<br \/>\nApertura del canal,<br \/>\nImplantaci\u00f3n.[\/vc_column_text][\/vc_column_inner][\/vc_row_inner][\/vc_tta_section][vc_tta_section title=\u00bbDel 7 al 14 d\u00eda\u00bb tab_id=\u00bb1582019055109-aa7466fa-5a93bfcb-dbb8&#8243;][vc_row_inner][vc_column_inner width=\u00bb1\/2&#8243;][vc_single_image image=\u00bb2733&#8243; img_size=\u00bbfull\u00bb][\/vc_column_inner][vc_column_inner tm_textcolor=\u00bbwhite\u00bb tm_zindex=\u00bb2&#8243; width=\u00bb1\/2&#8243; css=\u00bb.vc_custom_1582020909751{margin-top: 15px !important;margin-left: -60px !important;background-color: #0880a1 !important;}\u00bb][vc_column_text]Trasplante capilar \u00e9tnico; sabiendo la diferencia,<br \/>\nPreoperaci\u00f3n,<br \/>\nConsulta,<br \/>\nAnestesia local,<br \/>\nExtracci\u00f3n de cabello,<br \/>\nApertura del canal,<br \/>\nInserci\u00f3n de fol\u00edculos pilosos,<br \/>\nCuidados postoperatorios, lavado,<br \/>\nPresentaci\u00f3n de certificados.[\/vc_column_text][\/vc_column_inner][\/vc_row_inner][\/vc_tta_section][\/vc_tta_tour][vc_column_text]<\/p>\n<p>*seg\u00fan el programa de capacitaci\u00f3n, se trasladar\u00e1 de una sala de operaciones a otra para ver diferentes casos y diferentes tipos de cabello, intervenciones dif\u00edciles y tambi\u00e9n la extracci\u00f3n extra.<\/p>\n<p>[\/vc_column_text][\/vc_column][\/vc_row][vc_row tm_bgimagefixed=\u00bb\u00bb css=\u00bb.vc_custom_1582021305092{margin-top: -180px !important;}\u00bb][vc_column offset=\u00bbvc_hidden-lg vc_hidden-md vc_hidden-sm\u00bb][vc_column_text]<\/p>\n<h2 style=\"text-align: center;\">Educational Content<\/h2>\n<p>[\/vc_column_text][vc_tta_tour style=\u00bbflat\u00bb color=\u00bbmulled-wine\u00bb controls_size=\u00bbmd\u00bb][vc_tta_section title=\u00bb1er d\u00eda\u00bb tab_id=\u00bb1582021085820-dad5034e-739bbfcb-dbb8&#8243;][vc_row_inner][vc_column_inner width=\u00bb1\/2&#8243;][vc_empty_space][vc_single_image image=\u00bb2729&#8243; img_size=\u00bbfull\u00bb][\/vc_column_inner][vc_column_inner tm_textcolor=\u00bbwhite\u00bb tm_zindex=\u00bb2&#8243; width=\u00bb1\/2&#8243; css=\u00bb.vc_custom_1582021101573{background-color: #0880a1 !important;}\u00bb][vc_column_text]<\/p>\n<p>Ciencia b\u00e1sica, conferencia sobre anatom\u00eda del cabello,<br \/>\nHistoria del trasplante de cabello,<br \/>\nTipos de p\u00e9rdida de cabello,<br \/>\nCuidado preoperatorio,<br \/>\nConsulta,<br \/>\nDise\u00f1o de rayita personalizado,<br \/>\nExtracci\u00f3n de cabello,<br \/>\nComplicaciones en el trasplante capilar.<\/p>\n<p>[\/vc_column_text][vc_empty_space][\/vc_column_inner][\/vc_row_inner][\/vc_tta_section][vc_tta_section title=\u00bb2 \u00ba d\u00eda\u00bb tab_id=\u00bb1582021085955-b15adbf2-2ab0bfcb-dbb8&#8243;][vc_row_inner][vc_column_inner width=\u00bb1\/2&#8243;][vc_empty_space][vc_single_image image=\u00bb2730&#8243; img_size=\u00bbfull\u00bb][\/vc_column_inner][vc_column_inner tm_textcolor=\u00bbwhite\u00bb tm_zindex=\u00bb2&#8243; width=\u00bb1\/2&#8243; css=\u00bb.vc_custom_1582021108673{background-color: #0880a1 !important;}\u00bb][vc_column_text]Etapa preoperacional,<br \/>\nConsulta,<br \/>\nExtracci\u00f3n de cabello,<br \/>\nTrasplante de vello corporal.[\/vc_column_text][vc_empty_space][\/vc_column_inner][\/vc_row_inner][\/vc_tta_section][vc_tta_section title=\u00bb3er y 4to d\u00edas\u00bb tab_id=\u00bb1582021086092-ee269fa9-4db4bfcb-dbb8&#8243;][vc_row_inner][vc_column_inner width=\u00bb1\/2&#8243;][vc_empty_space][vc_single_image image=\u00bb2731&#8243; img_size=\u00bbfull\u00bb][\/vc_column_inner][vc_column_inner tm_textcolor=\u00bbwhite\u00bb tm_zindex=\u00bb2&#8243; width=\u00bb1\/2&#8243; css=\u00bb.vc_custom_1582021121766{background-color: #0880a1 !important;}\u00bb][vc_column_text]Cuidado preoperatorio,<br \/>\nConsulta,<br \/>\nExtracci\u00f3n de cabello y corte de injerto,<br \/>\nApertura del canal,<br \/>\nPreparaci\u00f3n del sitio del destinatario.[\/vc_column_text][vc_empty_space][\/vc_column_inner][\/vc_row_inner][\/vc_tta_section][vc_tta_section title=\u00bb5to y 6to y 7mo d\u00edas\u00bb tab_id=\u00bb1582021086237-4d149fa9-eda1bfcb-dbb8&#8243;][vc_row_inner][vc_column_inner width=\u00bb1\/2&#8243;][vc_empty_space][vc_single_image image=\u00bb2732&#8243; img_size=\u00bbfull\u00bb][\/vc_column_inner][vc_column_inner tm_textcolor=\u00bbwhite\u00bb tm_zindex=\u00bb2&#8243; width=\u00bb1\/2&#8243; css=\u00bb.vc_custom_1582021128102{background-color: #0880a1 !important;}\u00bb][vc_column_text]Consulta,<br \/>\nPlanificaci\u00f3n,<br \/>\nDonaci\u00f3n de cosecha y extracci\u00f3n de cabello,<br \/>\nApertura del canal,<br \/>\nImplantaci\u00f3n.[\/vc_column_text][vc_empty_space][\/vc_column_inner][\/vc_row_inner][\/vc_tta_section][vc_tta_section title=\u00bbDel 7 al 14 d\u00eda\u00bb tab_id=\u00bb1582021086391-76dfc92e-4445bfcb-dbb8&#8243;][vc_row_inner][vc_column_inner width=\u00bb1\/2&#8243;][vc_empty_space][vc_single_image image=\u00bb2733&#8243; img_size=\u00bbfull\u00bb][\/vc_column_inner][vc_column_inner tm_textcolor=\u00bbwhite\u00bb tm_zindex=\u00bb2&#8243; width=\u00bb1\/2&#8243; css=\u00bb.vc_custom_1582021133374{background-color: #0880a1 !important;}\u00bb][vc_column_text]Trasplante capilar \u00e9tnico; sabiendo la diferencia,<br \/>\nPreoperaci\u00f3n,<br \/>\nConsulta,<br \/>\nAnestesia local,<br \/>\nExtracci\u00f3n de cabello,<br \/>\nApertura del canal,<br \/>\nInserci\u00f3n de fol\u00edculos pilosos,<br \/>\nCuidados postoperatorios, lavado,<br \/>\nPresentaci\u00f3n de certificados.[\/vc_column_text][vc_empty_space][\/vc_column_inner][\/vc_row_inner][\/vc_tta_section][\/vc_tta_tour][\/vc_column][\/vc_row]<\/p>\n<\/section>","protected":false},"excerpt":{"rendered":"<p>[vc_row tm_bgimagefixed=\u00bb\u00bb css=\u00bb.vc_custom_1581944962477{margin-bottom: -105px !important;}\u00bb][vc_column][vc_column_text] The training programs are set and devised depending on your own specialization and expectations as well. [\/vc_column_text][\/vc_column][\/vc_row][vc_row][vc_column width=\u00bb1\/2&#8243;][vc_column_text]Para ser m\u00e1s espec\u00edfico: El plan de 4 d\u00edas es para especialistas en trasplante de capilar y m\u00e9dicos que desean actualizar sus conocimientos y poder ver c\u00f3mo se realiza el trasplante aqu\u00ed en &hellip; <a href=\"https:\/\/nhtacademy.com\/es\/programas\/\" class=\"more-link\">Continue reading <span class=\"screen-reader-text\">Programas<\/span><\/a><\/p>\n","protected":false},"author":1,"featured_media":0,"parent":0,"menu_order":0,"comment_status":"closed","ping_status":"closed","template":"","meta":[],"yoast_head":"<!-- This site is optimized with the Yoast SEO plugin v20.11 - https:\/\/yoast.com\/wordpress\/plugins\/seo\/ -->\n<title>Programas - Natural Hair Turkey | Academy<\/title>\n<meta name=\"robots\" content=\"index, follow, max-snippet:-1, max-image-preview:large, max-video-preview:-1\" \/>\n<link rel=\"canonical\" href=\"https:\/\/nhtacademy.com\/es\/programas\/\" \/>\n<meta property=\"og:locale\" content=\"es_ES\" \/>\n<meta property=\"og:type\" content=\"article\" \/>\n<meta property=\"og:title\" content=\"Programas - Natural Hair Turkey | Academy\" \/>\n<meta property=\"og:description\" content=\"[vc_row tm_bgimagefixed=\u00bb\u00bb css=\u00bb.vc_custom_1581944962477{margin-bottom: -105px !important;}\u00bb][vc_column][vc_column_text] The training programs are set and devised depending on your own specialization and expectations as well. [\/vc_column_text][\/vc_column][\/vc_row][vc_row][vc_column width=\u00bb1\/2&#8243;][vc_column_text]Para ser m\u00e1s espec\u00edfico: El plan de 4 d\u00edas es para especialistas en trasplante de capilar y m\u00e9dicos que desean actualizar sus conocimientos y poder ver c\u00f3mo se realiza el trasplante aqu\u00ed en &hellip; Continue reading Programas\" \/>\n<meta property=\"og:url\" content=\"https:\/\/nhtacademy.com\/es\/programas\/\" \/>\n<meta property=\"og:site_name\" content=\"Natural Hair Turkey | Academy\" \/>\n<meta property=\"article:modified_time\" content=\"2020-03-12T12:36:14+00:00\" \/>\n<meta name=\"twitter:card\" content=\"summary_large_image\" \/>\n<meta name=\"twitter:label1\" content=\"Tiempo de lectura\" \/>\n\t<meta name=\"twitter:data1\" content=\"9 minutos\" \/>\n<script type=\"application\/ld+json\" class=\"yoast-schema-graph\">{\"@context\":\"https:\/\/schema.org\",\"@graph\":[{\"@type\":\"WebPage\",\"@id\":\"https:\/\/nhtacademy.com\/es\/programas\/\",\"url\":\"https:\/\/nhtacademy.com\/es\/programas\/\",\"name\":\"Programas - Natural Hair Turkey | Academy\",\"isPartOf\":{\"@id\":\"https:\/\/nhtacademy.com\/#website\"},\"datePublished\":\"2020-03-11T15:15:34+00:00\",\"dateModified\":\"2020-03-12T12:36:14+00:00\",\"breadcrumb\":{\"@id\":\"https:\/\/nhtacademy.com\/es\/programas\/#breadcrumb\"},\"inLanguage\":\"es\",\"potentialAction\":[{\"@type\":\"ReadAction\",\"target\":[\"https:\/\/nhtacademy.com\/es\/programas\/\"]}]},{\"@type\":\"BreadcrumbList\",\"@id\":\"https:\/\/nhtacademy.com\/es\/programas\/#breadcrumb\",\"itemListElement\":[{\"@type\":\"ListItem\",\"position\":1,\"name\":\"Home\",\"item\":\"https:\/\/nhtacademy.com\/es\/\"},{\"@type\":\"ListItem\",\"position\":2,\"name\":\"Programas\"}]},{\"@type\":\"WebSite\",\"@id\":\"https:\/\/nhtacademy.com\/#website\",\"url\":\"https:\/\/nhtacademy.com\/\",\"name\":\"Natural Hair Turkey | Academy\",\"description\":\"International Accredited Trainings\",\"potentialAction\":[{\"@type\":\"SearchAction\",\"target\":{\"@type\":\"EntryPoint\",\"urlTemplate\":\"https:\/\/nhtacademy.com\/?s={search_term_string}\"},\"query-input\":\"required name=search_term_string\"}],\"inLanguage\":\"es\"}]}<\/script>\n<!-- \/ Yoast SEO plugin. -->","yoast_head_json":{"title":"Programas - Natural Hair Turkey | Academy","robots":{"index":"index","follow":"follow","max-snippet":"max-snippet:-1","max-image-preview":"max-image-preview:large","max-video-preview":"max-video-preview:-1"},"canonical":"https:\/\/nhtacademy.com\/es\/programas\/","og_locale":"es_ES","og_type":"article","og_title":"Programas - Natural Hair Turkey | Academy","og_description":"[vc_row tm_bgimagefixed=\u00bb\u00bb css=\u00bb.vc_custom_1581944962477{margin-bottom: -105px !important;}\u00bb][vc_column][vc_column_text] The training programs are set and devised depending on your own specialization and expectations as well. [\/vc_column_text][\/vc_column][\/vc_row][vc_row][vc_column width=\u00bb1\/2&#8243;][vc_column_text]Para ser m\u00e1s espec\u00edfico: El plan de 4 d\u00edas es para especialistas en trasplante de capilar y m\u00e9dicos que desean actualizar sus conocimientos y poder ver c\u00f3mo se realiza el trasplante aqu\u00ed en &hellip; Continue reading Programas","og_url":"https:\/\/nhtacademy.com\/es\/programas\/","og_site_name":"Natural Hair Turkey | Academy","article_modified_time":"2020-03-12T12:36:14+00:00","twitter_card":"summary_large_image","twitter_misc":{"Tiempo de lectura":"9 minutos"},"schema":{"@context":"https:\/\/schema.org","@graph":[{"@type":"WebPage","@id":"https:\/\/nhtacademy.com\/es\/programas\/","url":"https:\/\/nhtacademy.com\/es\/programas\/","name":"Programas - Natural Hair Turkey | Academy","isPartOf":{"@id":"https:\/\/nhtacademy.com\/#website"},"datePublished":"2020-03-11T15:15:34+00:00","dateModified":"2020-03-12T12:36:14+00:00","breadcrumb":{"@id":"https:\/\/nhtacademy.com\/es\/programas\/#breadcrumb"},"inLanguage":"es","potentialAction":[{"@type":"ReadAction","target":["https:\/\/nhtacademy.com\/es\/programas\/"]}]},{"@type":"BreadcrumbList","@id":"https:\/\/nhtacademy.com\/es\/programas\/#breadcrumb","itemListElement":[{"@type":"ListItem","position":1,"name":"Home","item":"https:\/\/nhtacademy.com\/es\/"},{"@type":"ListItem","position":2,"name":"Programas"}]},{"@type":"WebSite","@id":"https:\/\/nhtacademy.com\/#website","url":"https:\/\/nhtacademy.com\/","name":"Natural Hair Turkey | Academy","description":"International Accredited Trainings","potentialAction":[{"@type":"SearchAction","target":{"@type":"EntryPoint","urlTemplate":"https:\/\/nhtacademy.com\/?s={search_term_string}"},"query-input":"required name=search_term_string"}],"inLanguage":"es"}]}},"_links":{"self":[{"href":"https:\/\/nhtacademy.com\/es\/wp-json\/wp\/v2\/pages\/2816"}],"collection":[{"href":"https:\/\/nhtacademy.com\/es\/wp-json\/wp\/v2\/pages"}],"about":[{"href":"https:\/\/nhtacademy.com\/es\/wp-json\/wp\/v2\/types\/page"}],"author":[{"embeddable":true,"href":"https:\/\/nhtacademy.com\/es\/wp-json\/wp\/v2\/users\/1"}],"replies":[{"embeddable":true,"href":"https:\/\/nhtacademy.com\/es\/wp-json\/wp\/v2\/comments?post=2816"}],"version-history":[{"count":7,"href":"https:\/\/nhtacademy.com\/es\/wp-json\/wp\/v2\/pages\/2816\/revisions"}],"predecessor-version":[{"id":2852,"href":"https:\/\/nhtacademy.com\/es\/wp-json\/wp\/v2\/pages\/2816\/revisions\/2852"}],"wp:attachment":[{"href":"https:\/\/nhtacademy.com\/es\/wp-json\/wp\/v2\/media?parent=2816"}],"curies":[{"name":"wp","href":"https:\/\/api.w.org\/{rel}","templated":true}]}}